{"id":6992,"date":"2019-01-10T09:09:59","date_gmt":"2019-01-10T08:09:59","guid":{"rendered":"https:\/\/www.stellamare.it\/condizioni-generali\/"},"modified":"2025-01-15T11:43:38","modified_gmt":"2025-01-15T10:43:38","slug":"conditions-generales","status":"publish","type":"page","link":"https:\/\/www.stellamare.it\/fr\/conditions-generales\/","title":{"rendered":"Conditions G\u00e9n\u00e9rales"},"content":{"rendered":"<h3>Conditions G\u00e9n\u00e9rales Camping<\/h3>\n<p><strong>MODALIT\u00c9S DE R\u00c9SERVATION<\/strong>: La r\u00e9servation est personnelle et constitue un libre contrat entre les parties. Les demandes de r\u00e9servation doivent \u00eatre adress\u00e9es via fax ou e-mail et seront consid\u00e9r\u00e9es comme valables uniquement apr\u00e8s envoi de notre confirmation provisoire, dans laquelle seront sp\u00e9cifi\u00e9es la disponibilit\u00e9 et les modalit\u00e9s relatives \u00e0 l\u2019envoi des arrhes de confirmation.<\/p>\n<p><strong>ARRHES DE CONFIRMATION<\/strong>: La somme d\u2019arrhes devra nous parvenir au plus tard 3 jours apr\u00e8s la date de la lettre d\u2019acceptation de la r\u00e9servation selon les modalit\u00e9s indiqu\u00e9es. Apr\u00e8s quoi, nous donnerons confirmation d\u00e9finitive de la r\u00e9servation. Elle correspond \u00e0 200,00 Euro.<\/p>\n<p><strong>FRAIS DE R\u00c9SERVATION<\/strong>: 10,00 \u20ac d\u00e9bit\u00e9s \u00e0 la fin du s\u00e9jour.<\/p>\n<p><strong>ARRIV\u00c9E DIFF\u00c9R\u00c9E ET D\u00c9PART ANTICIP\u00c9<\/strong>: La p\u00e9riode r\u00e9serv\u00e9e et confirm\u00e9e sera enti\u00e8rement calcul\u00e9e et devra \u00eatre pay\u00e9e m\u00eame en cas d\u2019arriv\u00e9e diff\u00e9r\u00e9e ou de d\u00e9part anticip\u00e9. Les dates \u00e9tablies dans la r\u00e9servation sont imp\u00e9ratives; les unit\u00e9s habitatives seront \u00e0 disposition du client jusqu\u2019\u00e0 24 h le jour d\u2019arriv\u00e9e fix\u00e9.<\/p>\n<p><strong>ANNULATION DE LA R\u00c9SERVATION<\/strong>: En cas de renoncement au s\u00e9jour, un montant \u00e9quivalant \u00e0 50 % de la somme d\u2019arrhes vous sera restitu\u00e9 uniquement si la communication nous sera parvenue au moins 30 jours avant la date d\u2019arriv\u00e9e pr\u00e9vue. Les frais de r\u00e9servation seront quoiqu\u2019il en soit d\u00e9duit de ce montant. Au-del\u00e0 de ce d\u00e9lai, aucun remboursement ne sera effectu\u00e9.<\/p>\nCheck-in: > 12.00<br \/>\r\nCheck-out: < 10.00\n<p><strong>CONDITIONS DE PAIEMENT<\/strong>: Le paiement doit \u00eatre effectu\u00e9 le jour pr\u00e9c\u00e9dant le d\u00e9part. Nous acceptons les cartes de cr\u00e9dit.<\/p>\n<p><strong>N.B.<\/strong>: Ces conditions et proc\u00e9dures sont partie int\u00e9grante du contrat de s\u00e9jour et sont explicitement accept\u00e9es au moment de la signature du formulaire de r\u00e9servation ou d\u2019enregistrement.<\/p>\n<p>La client\u00e8le gentille se rappelle que la r\u00e9servation donne droit \u00e0 un emplacement apte aux mesures des tentes, camper, roulottes indiqu\u00e9es dans le formulaire de r\u00e9servation.<br \/>\nIl se renseigne donc, dor\u00e9navant, de ne pas pouvoir confirmer le num\u00e9ro de l&#8217;emplacement assign\u00e9 jusqu&rsquo;\u00e0 le jour m\u00eame de l&rsquo;arriv\u00e9e, ceci afin de pouvoir satisfaire de la meilleure mani\u00e8re possible les exigences de tous nos h\u00f4tes.<\/p>\n<h3>Conditions G\u00e9n\u00e9rales Chalets-Bungalows<\/h3>\n<p><strong>MODALIT\u00c9S DE R\u00c9SERVATION<\/strong>: La r\u00e9servation est personnelle et constitue un libre contrat entre les parties. Les demandes de r\u00e9servation doivent \u00eatre adress\u00e9es via fax ou e-mail et seront consid\u00e9r\u00e9es comme valables uniquement apr\u00e8s envoi de notre confirmation provisoire, dans laquelle seront sp\u00e9cifi\u00e9es la disponibilit\u00e9 et les modalit\u00e9s relatives \u00e0 l\u2019envoi des arrhes de confirmation.<\/p>\n<p><strong>ARRHES DE CONFIRMATION<\/strong>: La somme d\u2019arrhes devra nous parvenir au plus tard 3 jours apr\u00e8s la date de la lettre d\u2019acceptation de la r\u00e9servation selon les modalit\u00e9s indiqu\u00e9es. Apr\u00e8s quoi, nous donnerons confirmation d\u00e9finitive de la r\u00e9servation. Elle correspond \u00e0 40 % du montant total du s\u00e9jour.<\/p>\n<p><strong>FRAIS DE R\u00c9SERVATION<\/strong>: 10,00 \u20ac d\u00e9bit\u00e9s \u00e0 la fin du s\u00e9jour.<\/p>\n<p><strong>DEPOSIT CHALET<\/strong>: \u00c0 l&rsquo;arriv\u00e9e est exig\u00e9 une garantie environ 100,00 Euro. Le jour du d\u00e9part, notre personnel se fera proc\u00e9der \u00e0 une inspection durant les heures d&rsquo;accord avec la direction afin de v\u00e9rifier que tout est laiss\u00e9 en parfait \u00e9tat de marche sans aucun dommage.<\/p>\n<p><strong>NETTOYAGE FINAL<\/strong>: 85,00 Euro. Le nettoyage \u00e0 la fin du s\u00e9jour ne comprend pas le coin cuisine et les ustensiles de cuisine qui devront \u00eatre remis en \u00e9tat de propret\u00e9 le jour du d\u00e9part, sous peine d\u2019un d\u00e9bit de 15,00 \u20ac.<\/p>\n<p>L&rsquo;occupation des structures habitatives est limit\u00e9e au nombre de personnes indiqu\u00e9, qu\u2019il s\u2019agisse d\u2019adultes, d\u2019enfants ou d\u2019enfants en bas \u00e2ge. La direction fournit les berceaux ou les barri\u00e8res de protection (applicables sur les lits d\u2019une personne) \u00e0 la demande du client, sans frais suppl\u00e9mentaires.<\/p>\n<p><strong>ARRIV\u00c9E DIFF\u00c9R\u00c9E ET D\u00c9PART ANTICIP\u00c9<\/strong>: La p\u00e9riode r\u00e9serv\u00e9e et confirm\u00e9e sera enti\u00e8rement calcul\u00e9e et devra \u00eatre pay\u00e9e m\u00eame en cas d\u2019arriv\u00e9e diff\u00e9r\u00e9e ou de d\u00e9part anticip\u00e9. Les dates \u00e9tablies dans la r\u00e9servation sont imp\u00e9ratives; les unit\u00e9s habitatives seront \u00e0 disposition du client jusqu\u2019\u00e0 24 h le jour d\u2019arriv\u00e9e fix\u00e9.<\/p>\n<p><strong>ANNULATION DE LA R\u00c9SERVATION<\/strong>: En cas de renoncement au s\u00e9jour, un montant \u00e9quivalant \u00e0 50% de la somme d\u2019arrhes vous sera restitu\u00e9 uniquement si la communication nous sera parvenue au moins 30 jours avant la date d\u2019arriv\u00e9e pr\u00e9vue. Les frais de r\u00e9servation seront quoiqu\u2019il en soit d\u00e9duit de ce montant. Au-del\u00e0 de ce d\u00e9lai, aucun remboursement ne sera effectu\u00e9.<\/p>\nCheck-in: > 16.30<br \/>\r\nCheck-out: < 09.30\n<p>Le s\u00e9jour commence \u00e0 16.30 h le jour d\u2019arriv\u00e9e et se termine \u00e0 09.30 h le jour du d\u00e9part. Les unit\u00e9s habitatives sont livr\u00e9es compl\u00e8tement \u00e9quip\u00e9es de tous les accessoires et objets d\u2019ameublement indiqu\u00e9s dans l\u2019inventaire pr\u00e9sent dans chaque habitation. Toute non-conformit\u00e9, r\u00e9clamation, d\u00e9fectuosit\u00e9 ou rupture devra \u00eatre imm\u00e9diatement signal\u00e9e \u00e0 la direction.<\/p>\n<p><strong>PROC\u00c9DURE DE CONTR\u00d4LE<\/strong>: Le jour pr\u00e9c\u00e9dant le d\u00e9part, selon l\u2019horaire \u00e9tabli de commun accord avec la direction, notre personnel effectuera un contr\u00f4le, afin de v\u00e9rifier que l\u2019unit\u00e9 habitative est laiss\u00e9e en ordre et ne pr\u00e9sente aucun dommage.<\/p>\n<p><strong>CONDITIONS DE PAIEMENT<\/strong>: Le paiement doit \u00eatre fait le jour apr\u00e8s l&rsquo;arriv\u00e9e. Nous acceptons les cartes de cr\u00e9dit.<\/p>\n<p><strong>N.B.<\/strong>: Ces conditions et proc\u00e9dures sont partie int\u00e9grante du contrat de s\u00e9jour et sont explicitement accept\u00e9es au moment de la signature du formulaire de r\u00e9servation ou d\u2019enregistrement.<\/p>\n<h3>Conditions G\u00e9n\u00e9rales Camping in Coco Sweet<\/h3>\n<p><strong>MODALIT\u00c9S DE R\u00c9SERVATION<\/strong>: La r\u00e9servation est personnelle et constitue un libre contrat entre les parties. Les demandes de r\u00e9servation doivent \u00eatre adress\u00e9es via fax ou e-mail et seront consid\u00e9r\u00e9es comme valables uniquement apr\u00e8s envoi de notre confirmation provisoire, dans laquelle seront sp\u00e9cifi\u00e9es la disponibilit\u00e9 et les modalit\u00e9s relatives \u00e0 l\u2019envoi des arrhes de confirmation.<\/p>\n<p><strong>ARRHES DE CONFIRMATION<\/strong>: La somme d\u2019arrhes devra nous parvenir au plus tard 3 jours apr\u00e8s la date de la lettre d\u2019acceptation de la r\u00e9servation selon les modalit\u00e9s indiqu\u00e9es. Apr\u00e8s quoi, nous donnerons confirmation d\u00e9finitive de la r\u00e9servation. Elle correspond \u00e0 40% du montant total du s\u00e9jour.<\/p>\n<p><strong>FRAIS DE R\u00c9SERVATION<\/strong>: 10,00 \u20ac d\u00e9bit\u00e9s \u00e0 la fin du s\u00e9jour.<\/p>\n<p><strong>SUPPL\u00c9MENTS CHALET OBLIGATOIRE (unique)<\/strong>: Euro 55,00. Inclut le nettoyage final et batterie de cuisine \u00e0 induction.<\/p>\n<p><strong>ARRIV\u00c9E DIFF\u00c9R\u00c9E ET D\u00c9PART ANTICIP\u00c9<\/strong>: La p\u00e9riode r\u00e9serv\u00e9e et confirm\u00e9e sera enti\u00e8rement calcul\u00e9e et devra \u00eatre pay\u00e9e m\u00eame en cas d\u2019arriv\u00e9e diff\u00e9r\u00e9e ou de d\u00e9part anticip\u00e9. Les dates \u00e9tablies dans la r\u00e9servation sont imp\u00e9ratives; les unit\u00e9s habitatives seront \u00e0 disposition du client jusqu\u2019\u00e0 24 h le jour d\u2019arriv\u00e9e fix\u00e9.<\/p>\n<p><strong>ANNULATION DE LA R\u00c9SERVATION<\/strong>: En cas de renoncement au s\u00e9jour, un montant \u00e9quivalant \u00e0 50% de la somme d\u2019arrhes vous sera restitu\u00e9 uniquement si la communication nous sera parvenue au moins 30 jours avant la date d\u2019arriv\u00e9e pr\u00e9vue. Les frais de r\u00e9servation seront quoiqu\u2019il en soit d\u00e9duit de ce montant. Au-del\u00e0 de ce d\u00e9lai, aucun remboursement ne sera effectu\u00e9.<\/p>\nCheck-in: > 16.30<br \/>\r\nCheck-out: < 09.30\n<p><strong>CONDITIONS DE PAIEMENT<\/strong>: Le paiement doit \u00eatre effectu\u00e9 le jour pr\u00e9c\u00e9dant le d\u00e9part. Nous acceptons les cartes de cr\u00e9dit.<\/p>\n<p><strong>N.B.<\/strong>: Ces conditions et proc\u00e9dures sont partie int\u00e9grante du contrat de s\u00e9jour et sont explicitement accept\u00e9es au moment de la signature du formulaire de r\u00e9servation ou d\u2019enregistrement.<\/p>\n<p>La client\u00e8le gentille se rappelle que la r\u00e9servation donne droit \u00e0 un emplacement apte aux mesures des tentes, camper, roulottes indiqu\u00e9es dans le formulaire de r\u00e9servation.<br \/>\nIl se renseigne donc, dor\u00e9navant, de ne pas pouvoir confirmer le num\u00e9ro de l&#8217;emplacement assign\u00e9 jusqu&rsquo;\u00e0 le jour m\u00eame de l&rsquo;arriv\u00e9e, ceci afin de pouvoir satisfaire de la meilleure mani\u00e8re possible les exigences de tous nos h\u00f4tes.<\/p>\n<h3>Conditions G\u00e9n\u00e9rales Glamping<\/h3>\n<p><strong>MODALIT\u00c9S DE R\u00c9SERVATION<\/strong>: La r\u00e9servation est personnelle et constitue un libre contrat entre les parties. Les demandes de r\u00e9servation doivent \u00eatre adress\u00e9es via fax ou e-mail et seront consid\u00e9r\u00e9es comme valables uniquement apr\u00e8s envoi de notre confirmation provisoire, dans laquelle seront sp\u00e9cifi\u00e9es la disponibilit\u00e9 et les modalit\u00e9s relatives \u00e0 l\u2019envoi des arrhes de confirmation.<\/p>\n<p><strong>ARRHES DE CONFIRMATION<\/strong>: La somme d\u2019arrhes devra nous parvenir au plus tard 3 jours apr\u00e8s la date de la lettre d\u2019acceptation de la r\u00e9servation selon les modalit\u00e9s indiqu\u00e9es. Apr\u00e8s quoi, nous donnerons confirmation d\u00e9finitive de la r\u00e9servation. Elle correspond \u00e0 40 % du montant total du s\u00e9jour.<\/p>\n<p><strong>FRAIS DE R\u00c9SERVATION<\/strong>: 10,00 \u20ac d\u00e9bit\u00e9s \u00e0 la fin du s\u00e9jour.<\/p>\n<p><strong>DEPOSIT<\/strong>: \u00c0 l&rsquo;arriv\u00e9e est exig\u00e9 une garantie environ 100,00 .- Euro. Le jour du d\u00e9part, notre personnel se fera proc\u00e9der \u00e0 une inspection durant les heures d&rsquo;accord avec la direction afin de v\u00e9rifier que tout est laiss\u00e9 en parfait \u00e9tat de marche sans aucun dommage.<\/p>\n<p><strong>NETTOYAGE FINAL<\/strong>: 85,00 Euro. Le nettoyage \u00e0 la fin du s\u00e9jour ne comprend pas le coin cuisine et les ustensiles de cuisine qui devront \u00eatre remis en \u00e9tat de propret\u00e9 le jour du d\u00e9part, sous peine d\u2019un d\u00e9bit de 15,00 \u20ac.<\/p>\n<p>L&rsquo;occupation des structures habitatives est limit\u00e9e au nombre de personnes indiqu\u00e9, qu\u2019il s\u2019agisse d\u2019adultes, d\u2019enfants ou d\u2019enfants en bas \u00e2ge. La direction fournit les berceaux ou les barri\u00e8res de protection (applicables sur les lits d\u2019une personne) \u00e0 la demande du client, sans frais suppl\u00e9mentaires.<\/p>\n<p><strong>ARRIV\u00c9E DIFF\u00c9R\u00c9E ET D\u00c9PART ANTICIP\u00c9<\/strong>: La p\u00e9riode r\u00e9serv\u00e9e et confirm\u00e9e sera enti\u00e8rement calcul\u00e9e et devra \u00eatre pay\u00e9e m\u00eame en cas d\u2019arriv\u00e9e diff\u00e9r\u00e9e ou de d\u00e9part anticip\u00e9. Les dates \u00e9tablies dans la r\u00e9servation sont imp\u00e9ratives ; les unit\u00e9s habitatives seront \u00e0 disposition du client jusqu\u2019\u00e0 24 h le jour d\u2019arriv\u00e9e fix\u00e9.<\/p>\n<p><strong>ANNULATION DE LA R\u00c9SERVATION<\/strong>: En cas de renoncement au s\u00e9jour, un montant \u00e9quivalant \u00e0 50 % de la somme d\u2019arrhes vous sera restitu\u00e9 uniquement si la communication nous sera parvenue au moins 30 jours avant la date d\u2019arriv\u00e9e pr\u00e9vue. Les frais de r\u00e9servation seront quoiqu\u2019il en soit d\u00e9duit de ce montant. Au-del\u00e0 de ce d\u00e9lai, aucun remboursement ne sera effectu\u00e9.<\/p>\nCheck-in: > 16.30<br \/>\r\nCheck-out: < 09.30\n<p>Le s\u00e9jour commence \u00e0 16.30 h le jour d\u2019arriv\u00e9e et se termine \u00e0 09.30 h le jour du d\u00e9part. Les unit\u00e9s habitatives sont livr\u00e9es compl\u00e8tement \u00e9quip\u00e9es de tous les accessoires et objets d\u2019ameublement indiqu\u00e9s dans l\u2019inventaire pr\u00e9sent dans chaque habitation. Toute non-conformit\u00e9, r\u00e9clamation, d\u00e9fectuosit\u00e9 ou rupture devra \u00eatre imm\u00e9diatement signal\u00e9e \u00e0 la direction.<\/p>\n<p><strong>PROC\u00c9DURE DE CONTR\u00d4LE<\/strong>: Le jour pr\u00e9c\u00e9dant le d\u00e9part, selon l\u2019horaire \u00e9tabli de commun accord avec la direction, notre personnel effectuera un contr\u00f4le, afin de v\u00e9rifier que l\u2019unit\u00e9 habitative est laiss\u00e9e en ordre et ne pr\u00e9sente aucun dommage.<\/p>\n<p><strong>CONDITIONS DE PAIEMENT<\/strong>: Le paiement doit \u00eatre fait le jour apr\u00e8s l&rsquo;arriv\u00e9e. Nous acceptons les cartes de cr\u00e9dit.<\/p>\n<p><strong>N.B.<\/strong>: Ces conditions et proc\u00e9dures sont partie int\u00e9grante du contrat de s\u00e9jour et sont explicitement accept\u00e9es au moment de la signature du formulaire de r\u00e9servation ou d\u2019enregistrement.<\/p>\n<h3>Conditions G\u00e9n\u00e9rales Appartements<\/h3>\n<p><strong>MODALIT\u00c9S DE R\u00c9SERVATION<\/strong>: La r\u00e9servation est personnelle et constitue un libre contrat entre les parties. Les demandes de r\u00e9servation doivent \u00eatre adress\u00e9es via fax ou e-mail et seront consid\u00e9r\u00e9es comme valables uniquement apr\u00e8s envoi de notre confirmation provisoire, dans laquelle seront sp\u00e9cifi\u00e9es la disponibilit\u00e9 et les modalit\u00e9s relatives \u00e0 l\u2019envoi des arrhes de confirmation.<\/p>\n<p><strong>ARRHES DE CONFIRMATION<\/strong>: La somme d\u2019arrhes devra nous parvenir au plus tard 3 jours apr\u00e8s la date de la lettre d\u2019acceptation de la r\u00e9servation selon les modalit\u00e9s indiqu\u00e9es. Apr\u00e8s quoi, nous donnerons confirmation d\u00e9finitive de la r\u00e9servation. Elle correspond \u00e0 40 % du montant total du s\u00e9jour.<\/p>\n<p><strong>FRAIS DE R\u00c9SERVATION<\/strong>: 10,00 \u20ac d\u00e9bit\u00e9s \u00e0 la fin du s\u00e9jour.<\/p>\n<p><strong>NETTOYAGE FINAL<\/strong>: 85,00 Euro. Le nettoyage \u00e0 la fin du s\u00e9jour ne comprend pas le coin cuisine et les ustensiles de cuisine qui devront \u00eatre remis en \u00e9tat de propret\u00e9 le jour du d\u00e9part, sous peine d\u2019un d\u00e9bit de 15,00 \u20ac.<\/p>\n<p>L&rsquo;occupation des structures habitatives est limit\u00e9e au nombre de personnes indiqu\u00e9, qu\u2019il s\u2019agisse d\u2019adultes, d\u2019enfants ou d\u2019enfants en bas \u00e2ge. La direction fournit les berceaux ou les barri\u00e8res de protection (applicables sur les lits d\u2019une personne) \u00e0 la demande du client, sans frais suppl\u00e9mentaires.<\/p>\n<p><strong>ARRIV\u00c9E DIFF\u00c9R\u00c9E ET D\u00c9PART ANTICIP\u00c9<\/strong>: La p\u00e9riode r\u00e9serv\u00e9e et confirm\u00e9e sera enti\u00e8rement calcul\u00e9e et devra \u00eatre pay\u00e9e m\u00eame en cas d\u2019arriv\u00e9e diff\u00e9r\u00e9e ou de d\u00e9part anticip\u00e9. Les dates \u00e9tablies dans la r\u00e9servation sont imp\u00e9ratives; les unit\u00e9s habitatives seront \u00e0 disposition du client jusqu\u2019\u00e0 24 h le jour d\u2019arriv\u00e9e fix\u00e9.<\/p>\n<p><strong>ANNULATION DE LA R\u00c9SERVATION<\/strong>: En cas de renoncement au s\u00e9jour, un montant \u00e9quivalant \u00e0 50 % de la somme d\u2019arrhes vous sera restitu\u00e9 uniquement si la communication nous sera parvenue au moins 30 jours avant la date d\u2019arriv\u00e9e pr\u00e9vue. Les frais de r\u00e9servation seront quoiqu\u2019il en soit d\u00e9duit de ce montant. Au-del\u00e0 de ce d\u00e9lai, aucun remboursement ne sera effectu\u00e9.<\/p>\nCheck-in: > 16.30<br \/>\r\nCheck-out: < 09.30\n<p>Le s\u00e9jour commence \u00e0 16 h le jour d\u2019arriv\u00e9e et se termine \u00e0 10 h le jour du d\u00e9part. Les unit\u00e9s habitatives sont livr\u00e9es compl\u00e8tement \u00e9quip\u00e9es de tous les accessoires et objets d\u2019ameublement indiqu\u00e9s dans l\u2019inventaire pr\u00e9sent dans chaque habitation. Toute non-conformit\u00e9, r\u00e9clamation, d\u00e9fectuosit\u00e9 ou rupture devra \u00eatre imm\u00e9diatement signal\u00e9e \u00e0 la direction.<\/p>\n<p><strong>PROC\u00c9DURE DE CONTR\u00d4LE<\/strong>: Le jour pr\u00e9c\u00e9dant le d\u00e9part, selon l\u2019horaire \u00e9tabli de commun accord avec la direction, notre personnel effectuera un contr\u00f4le, afin de v\u00e9rifier que l\u2019unit\u00e9 habitative est laiss\u00e9e en ordre et ne pr\u00e9sente aucun dommage.<\/p>\n<p><strong>CONDITIONS DE PAIEMENT<\/strong>: Le paiement doit \u00eatre fait le jour apr\u00e8s l&rsquo;arriv\u00e9e. Nous acceptons les cartes de cr\u00e9dit.<\/p>\n<p><strong>N.B.<\/strong>: Ces conditions et proc\u00e9dures sont partie int\u00e9grante du contrat de s\u00e9jour et sont explicitement accept\u00e9es au moment de la signature du formulaire de r\u00e9servation ou d\u2019enregistrement.<\/p>\n<hr \/>\n<p style=\"text-align: center;\"> <a href=\"https:\/\/www.stellamare.it\/wp-content\/uploads\/2019\/01\/condizioni-generali-FR.pdf\" class=\"btn btn-lg btn-danger \" target=\"_blank\">T\u00e9l\u00e9charger les conditions g\u00e9n\u00e9rales (pdf)<\/a>\n","protected":false},"excerpt":{"rendered":"<p>Conditions G\u00e9n\u00e9rales Camping MODALIT\u00c9S DE R\u00c9SERVATION: La r\u00e9servation est personnelle et constitue un libre contrat entre les parties. Les demandes de r\u00e9servation doivent \u00eatre adress\u00e9es via fax ou e-mail et seront consid\u00e9r\u00e9es comme valables uniquement apr\u00e8s envoi de notre confirmation provisoire, dans laquelle seront sp\u00e9cifi\u00e9es la disponibilit\u00e9 et les modalit\u00e9s relatives \u00e0 l\u2019envoi des arrhes<\/p>\n","protected":false},"author":1,"featured_media":0,"parent":0,"menu_order":0,"comment_status":"closed","ping_status":"closed","template":"","meta":{"footnotes":""},"class_list":["post-6992","page","type-page","status-publish","hentry"],"yoast_head":"<!-- This site is optimized with the Yoast SEO plugin v27.4 - https:\/\/yoast.com\/product\/yoast-seo-wordpress\/ -->\n<title>Conditions G\u00e9n\u00e9rales - Stella Mare<\/title>\n<meta name=\"robots\" content=\"index, follow, max-snippet:-1, max-image-preview:large, max-video-preview:-1\" \/>\n<link rel=\"canonical\" href=\"https:\/\/www.stellamare.it\/fr\/conditions-generales\/\" \/>\n<meta property=\"og:locale\" content=\"fr_FR\" \/>\n<meta property=\"og:type\" content=\"article\" \/>\n<meta property=\"og:title\" content=\"Conditions G\u00e9n\u00e9rales - Stella Mare\" \/>\n<meta property=\"og:description\" content=\"Conditions G\u00e9n\u00e9rales Camping MODALIT\u00c9S DE R\u00c9SERVATION: La r\u00e9servation est personnelle et constitue un libre contrat entre les parties. Les demandes de r\u00e9servation doivent \u00eatre adress\u00e9es via fax ou e-mail et seront consid\u00e9r\u00e9es comme valables uniquement apr\u00e8s envoi de notre confirmation provisoire, dans laquelle seront sp\u00e9cifi\u00e9es la disponibilit\u00e9 et les modalit\u00e9s relatives \u00e0 l\u2019envoi des arrhes\" \/>\n<meta property=\"og:url\" content=\"https:\/\/www.stellamare.it\/fr\/conditions-generales\/\" \/>\n<meta property=\"og:site_name\" content=\"Stella Mare\" \/>\n<meta property=\"article:modified_time\" content=\"2025-01-15T10:43:38+00:00\" \/>\n<meta name=\"twitter:card\" content=\"summary_large_image\" \/>\n<meta name=\"twitter:label1\" content=\"Dur\u00e9e de lecture estim\u00e9e\" \/>\n\t<meta name=\"twitter:data1\" content=\"12 minutes\" \/>\n<script type=\"application\/ld+json\" class=\"yoast-schema-graph\">{\"@context\":\"https:\\\/\\\/schema.org\",\"@graph\":[{\"@type\":\"WebPage\",\"@id\":\"https:\\\/\\\/www.stellamare.it\\\/fr\\\/conditions-generales\\\/\",\"url\":\"https:\\\/\\\/www.stellamare.it\\\/fr\\\/conditions-generales\\\/\",\"name\":\"Conditions G\u00e9n\u00e9rales - Stella Mare\",\"isPartOf\":{\"@id\":\"https:\\\/\\\/www.stellamare.it\\\/#website\"},\"datePublished\":\"2019-01-10T08:09:59+00:00\",\"dateModified\":\"2025-01-15T10:43:38+00:00\",\"breadcrumb\":{\"@id\":\"https:\\\/\\\/www.stellamare.it\\\/fr\\\/conditions-generales\\\/#breadcrumb\"},\"inLanguage\":\"fr-FR\",\"potentialAction\":[{\"@type\":\"ReadAction\",\"target\":[\"https:\\\/\\\/www.stellamare.it\\\/fr\\\/conditions-generales\\\/\"]}]},{\"@type\":\"BreadcrumbList\",\"@id\":\"https:\\\/\\\/www.stellamare.it\\\/fr\\\/conditions-generales\\\/#breadcrumb\",\"itemListElement\":[{\"@type\":\"ListItem\",\"position\":1,\"name\":\"Home\",\"item\":\"https:\\\/\\\/www.stellamare.it\\\/fr\\\/\"},{\"@type\":\"ListItem\",\"position\":2,\"name\":\"Conditions G\u00e9n\u00e9rales\"}]},{\"@type\":\"WebSite\",\"@id\":\"https:\\\/\\\/www.stellamare.it\\\/#website\",\"url\":\"https:\\\/\\\/www.stellamare.it\\\/\",\"name\":\"Stella Mare\",\"description\":\"Camping Village Isola d&#039;Elba\",\"potentialAction\":[{\"@type\":\"SearchAction\",\"target\":{\"@type\":\"EntryPoint\",\"urlTemplate\":\"https:\\\/\\\/www.stellamare.it\\\/?s={search_term_string}\"},\"query-input\":{\"@type\":\"PropertyValueSpecification\",\"valueRequired\":true,\"valueName\":\"search_term_string\"}}],\"inLanguage\":\"fr-FR\"}]}<\/script>\n<!-- \/ Yoast SEO plugin. -->","yoast_head_json":{"title":"Conditions G\u00e9n\u00e9rales - Stella Mare","robots":{"index":"index","follow":"follow","max-snippet":"max-snippet:-1","max-image-preview":"max-image-preview:large","max-video-preview":"max-video-preview:-1"},"canonical":"https:\/\/www.stellamare.it\/fr\/conditions-generales\/","og_locale":"fr_FR","og_type":"article","og_title":"Conditions G\u00e9n\u00e9rales - Stella Mare","og_description":"Conditions G\u00e9n\u00e9rales Camping MODALIT\u00c9S DE R\u00c9SERVATION: La r\u00e9servation est personnelle et constitue un libre contrat entre les parties. Les demandes de r\u00e9servation doivent \u00eatre adress\u00e9es via fax ou e-mail et seront consid\u00e9r\u00e9es comme valables uniquement apr\u00e8s envoi de notre confirmation provisoire, dans laquelle seront sp\u00e9cifi\u00e9es la disponibilit\u00e9 et les modalit\u00e9s relatives \u00e0 l\u2019envoi des arrhes","og_url":"https:\/\/www.stellamare.it\/fr\/conditions-generales\/","og_site_name":"Stella Mare","article_modified_time":"2025-01-15T10:43:38+00:00","twitter_card":"summary_large_image","twitter_misc":{"Dur\u00e9e de lecture estim\u00e9e":"12 minutes"},"schema":{"@context":"https:\/\/schema.org","@graph":[{"@type":"WebPage","@id":"https:\/\/www.stellamare.it\/fr\/conditions-generales\/","url":"https:\/\/www.stellamare.it\/fr\/conditions-generales\/","name":"Conditions G\u00e9n\u00e9rales - Stella Mare","isPartOf":{"@id":"https:\/\/www.stellamare.it\/#website"},"datePublished":"2019-01-10T08:09:59+00:00","dateModified":"2025-01-15T10:43:38+00:00","breadcrumb":{"@id":"https:\/\/www.stellamare.it\/fr\/conditions-generales\/#breadcrumb"},"inLanguage":"fr-FR","potentialAction":[{"@type":"ReadAction","target":["https:\/\/www.stellamare.it\/fr\/conditions-generales\/"]}]},{"@type":"BreadcrumbList","@id":"https:\/\/www.stellamare.it\/fr\/conditions-generales\/#breadcrumb","itemListElement":[{"@type":"ListItem","position":1,"name":"Home","item":"https:\/\/www.stellamare.it\/fr\/"},{"@type":"ListItem","position":2,"name":"Conditions G\u00e9n\u00e9rales"}]},{"@type":"WebSite","@id":"https:\/\/www.stellamare.it\/#website","url":"https:\/\/www.stellamare.it\/","name":"Stella Mare","description":"Camping Village Isola d&#039;Elba","potentialAction":[{"@type":"SearchAction","target":{"@type":"EntryPoint","urlTemplate":"https:\/\/www.stellamare.it\/?s={search_term_string}"},"query-input":{"@type":"PropertyValueSpecification","valueRequired":true,"valueName":"search_term_string"}}],"inLanguage":"fr-FR"}]}},"_links":{"self":[{"href":"https:\/\/www.stellamare.it\/fr\/wp-json\/wp\/v2\/pages\/6992","targetHints":{"allow":["GET"]}}],"collection":[{"href":"https:\/\/www.stellamare.it\/fr\/wp-json\/wp\/v2\/pages"}],"about":[{"href":"https:\/\/www.stellamare.it\/fr\/wp-json\/wp\/v2\/types\/page"}],"author":[{"embeddable":true,"href":"https:\/\/www.stellamare.it\/fr\/wp-json\/wp\/v2\/users\/1"}],"replies":[{"embeddable":true,"href":"https:\/\/www.stellamare.it\/fr\/wp-json\/wp\/v2\/comments?post=6992"}],"version-history":[{"count":5,"href":"https:\/\/www.stellamare.it\/fr\/wp-json\/wp\/v2\/pages\/6992\/revisions"}],"predecessor-version":[{"id":10875,"href":"https:\/\/www.stellamare.it\/fr\/wp-json\/wp\/v2\/pages\/6992\/revisions\/10875"}],"wp:attachment":[{"href":"https:\/\/www.stellamare.it\/fr\/wp-json\/wp\/v2\/media?parent=6992"}],"curies":[{"name":"wp","href":"https:\/\/api.w.org\/{rel}","templated":true}]}}